{"id":9,"date":"2023-06-22T13:42:43","date_gmt":"2023-06-22T11:42:43","guid":{"rendered":"http:\/\/hdtech-info.fr\/?page_id=9"},"modified":"2023-07-02T19:00:20","modified_gmt":"2023-07-02T17:00:20","slug":"la-vente","status":"publish","type":"page","link":"https:\/\/hdtech-info.fr\/index.php\/la-vente\/","title":{"rendered":"Vente"},"content":{"rendered":"\n<div class=\"wp-block-cover alignfull\" style=\"min-height:300px;aspect-ratio:unset;\"><span aria-hidden=\"true\" class=\"wp-block-cover__background has-nv-site-bg-background-color has-background-dim-100 has-background-dim\"><\/span><div class=\"wp-block-cover__inner-container is-layout-flow wp-block-cover-is-layout-flow\">\n<div class=\"wp-block-group\"><div class=\"wp-block-group__inner-container is-layout-flow wp-block-group-is-layout-flow\">\n<h2 class=\"wp-block-heading has-text-align-left has-neve-text-color-color has-text-color\">Vente<\/h2>\n\n\n\n<p class=\"has-nv-dark-bg-color has-text-color\">Quand certains appareils sont trop endommag\u00e9s ou trop vieux pour \u00eatre r\u00e9par\u00e9s ou reconditionn\u00e9s, il ne vous reste plus qu&#8217;\u00e0 les remplacer.<\/p>\n\n\n\n<p class=\"has-nv-dark-bg-color has-text-color\">Nous vous accompagnons dans le choix de vos nouveaux produits et nous vous formons \u00e0 l&#8217;utilisation de ces derniers !<\/p>\n\n\n\n<p class=\"has-nv-dark-bg-color has-text-color\">Nous proposons \u00e9galement des montages d&#8217;ordinateurs sur mesure !<\/p>\n\n\n\n<p class=\"has-nv-dark-bg-color has-text-color\">Envie d&#8217;un PC pour jouer au dernier jeu \u00e0 la mode ? Ou d&#8217;un PC ultra silencieux pour vos longues journ\u00e9es de travail ?<\/p>\n\n\n\n<p class=\"has-nv-dark-bg-color has-text-color\">Contactez-nous !<\/p>\n<\/div><\/div>\n<\/div><\/div>\n\n\n\n<div class=\"wp-block-cover alignfull\" style=\"min-height:600px;aspect-ratio:unset;\"><span aria-hidden=\"true\" class=\"wp-block-cover__background has-nv-light-bg-background-color has-background-dim-100 has-background-dim\"><\/span><div class=\"wp-block-cover__inner-container is-layout-flow wp-block-cover-is-layout-flow\">\n<div class=\"wp-block-group\"><div class=\"wp-block-group__inner-container is-layout-flow wp-block-group-is-layout-flow\">\n<div style=\"height:80px\" aria-hidden=\"true\" class=\"wp-block-spacer\"><\/div>\n\n\n\n<div class=\"wp-block-columns are-vertically-aligned-center is-layout-flex wp-container-core-columns-is-layout-9d6595d7 wp-block-columns-is-layout-flex\">\n<div class=\"wp-block-column is-vertically-aligned-center is-layout-flow wp-block-column-is-layout-flow\" style=\"flex-basis:50%\">\n<figure class=\"wp-block-image size-large\"><img loading=\"lazy\" decoding=\"async\" width=\"1024\" height=\"1024\" src=\"https:\/\/hdtech-info.fr\/wp-content\/uploads\/2023\/07\/IMG-20230601-WA0012-1024x1024.jpg\" alt=\"\" class=\"wp-image-177\" srcset=\"https:\/\/hdtech-info.fr\/wp-content\/uploads\/2023\/07\/IMG-20230601-WA0012-1024x1024.jpg 1024w, https:\/\/hdtech-info.fr\/wp-content\/uploads\/2023\/07\/IMG-20230601-WA0012-300x300.jpg 300w, https:\/\/hdtech-info.fr\/wp-content\/uploads\/2023\/07\/IMG-20230601-WA0012-150x150.jpg 150w, https:\/\/hdtech-info.fr\/wp-content\/uploads\/2023\/07\/IMG-20230601-WA0012-768x768.jpg 768w, https:\/\/hdtech-info.fr\/wp-content\/uploads\/2023\/07\/IMG-20230601-WA0012-1536x1536.jpg 1536w, https:\/\/hdtech-info.fr\/wp-content\/uploads\/2023\/07\/IMG-20230601-WA0012.jpg 2048w\" sizes=\"auto, (max-width: 1024px) 100vw, 1024px\" \/><\/figure>\n\n\n\n<div style=\"height:24px\" aria-hidden=\"true\" class=\"wp-block-spacer\"><\/div>\n\n\n\n<h3 class=\"wp-block-heading has-text-align-center has-neve-text-color-color has-text-color\">Gamer Silencieux<\/h3>\n\n\n\n<p class=\"has-text-align-center has-neve-text-color-color has-text-color\">Un PC pour jouer r\u00e9sistant et facilement d\u00e9pla\u00e7able gr\u00e2ce \u00e0 son support de carte graphique imprim\u00e9 en 3D.<\/p>\n\n\n\n<p class=\"has-text-align-center has-nv-dark-bg-color has-text-color\">Le tout dans un boitier tr\u00e8s silencieux !<\/p>\n\n\n\n<p class=\"has-text-align-center has-nv-dark-bg-color has-text-color\">Avec un budget contenu !<\/p>\n\n\n\n<div style=\"height:40px\" aria-hidden=\"true\" class=\"wp-block-spacer\"><\/div>\n<\/div>\n\n\n\n<div class=\"wp-block-column is-vertically-aligned-center is-layout-flow wp-block-column-is-layout-flow\" style=\"flex-basis:50%\">\n<figure class=\"wp-block-image size-large\"><img loading=\"lazy\" decoding=\"async\" width=\"2003\" height=\"2004\" src=\"https:\/\/hdtech-info.fr\/wp-content\/uploads\/2023\/07\/WhatsApp-Image-2023-edited.jpg\" alt=\"\" class=\"wp-image-184\" srcset=\"https:\/\/hdtech-info.fr\/wp-content\/uploads\/2023\/07\/WhatsApp-Image-2023-edited.jpg 2003w, https:\/\/hdtech-info.fr\/wp-content\/uploads\/2023\/07\/WhatsApp-Image-2023-edited-300x300.jpg 300w, https:\/\/hdtech-info.fr\/wp-content\/uploads\/2023\/07\/WhatsApp-Image-2023-edited-1024x1024.jpg 1024w, https:\/\/hdtech-info.fr\/wp-content\/uploads\/2023\/07\/WhatsApp-Image-2023-edited-150x150.jpg 150w, https:\/\/hdtech-info.fr\/wp-content\/uploads\/2023\/07\/WhatsApp-Image-2023-edited-768x768.jpg 768w, https:\/\/hdtech-info.fr\/wp-content\/uploads\/2023\/07\/WhatsApp-Image-2023-edited-1536x1536.jpg 1536w\" sizes=\"auto, (max-width: 2003px) 100vw, 2003px\" \/><\/figure>\n\n\n\n<div style=\"height:24px\" aria-hidden=\"true\" class=\"wp-block-spacer\"><\/div>\n\n\n\n<h3 class=\"wp-block-heading has-text-align-center has-neve-text-color-color has-text-color\">Le plus silencieux !<\/h3>\n\n\n\n<p class=\"has-text-align-center has-nv-dark-bg-color has-text-color\">PC performant, dans un encombrement r\u00e9duit, le tout ultra silencieux.<\/p>\n\n\n\n<p class=\"has-text-align-center has-nv-dark-bg-color has-text-color\">Moins de 15dB en fonctionnement (15dB c&#8217;est le bruit que fait le tic-tac d&#8217;une montre) !<\/p>\n\n\n\n<p class=\"has-text-align-center has-nv-dark-bg-color has-text-color\">Des dimensions particuli\u00e8res 26X19X28 cm<\/p>\n\n\n\n<div style=\"height:40px\" aria-hidden=\"true\" class=\"wp-block-spacer\"><\/div>\n<\/div>\n<\/div>\n\n\n\n<div style=\"height:40px\" aria-hidden=\"true\" class=\"wp-block-spacer\"><\/div>\n<\/div><\/div>\n<\/div><\/div>\n\n\n\n<div class=\"wp-block-cover alignfull\" style=\"min-height:600px;aspect-ratio:unset;\"><span aria-hidden=\"true\" class=\"wp-block-cover__background has-nv-site-bg-background-color has-background-dim-100 has-background-dim\"><\/span><div class=\"wp-block-cover__inner-container is-layout-flow wp-block-cover-is-layout-flow\">\n<div class=\"wp-block-group\"><div class=\"wp-block-group__inner-container is-layout-flow wp-block-group-is-layout-flow\">\n<div style=\"height:80px\" aria-hidden=\"true\" class=\"wp-block-spacer\"><\/div>\n\n\n\n<div class=\"wp-block-columns are-vertically-aligned-center is-layout-flex wp-container-core-columns-is-layout-9d6595d7 wp-block-columns-is-layout-flex\">\n<div class=\"wp-block-column is-vertically-aligned-center is-layout-flow wp-block-column-is-layout-flow\" style=\"flex-basis:50%\">\n<figure class=\"wp-block-image size-large\"><img loading=\"lazy\" decoding=\"async\" width=\"1024\" height=\"1024\" src=\"https:\/\/hdtech-info.fr\/wp-content\/uploads\/2023\/07\/WhatsApp-Image-2023-07-02-a-17.19.01-1024x1024.jpg\" alt=\"\" class=\"wp-image-185\" srcset=\"https:\/\/hdtech-info.fr\/wp-content\/uploads\/2023\/07\/WhatsApp-Image-2023-07-02-a-17.19.01-1024x1024.jpg 1024w, https:\/\/hdtech-info.fr\/wp-content\/uploads\/2023\/07\/WhatsApp-Image-2023-07-02-a-17.19.01-300x300.jpg 300w, https:\/\/hdtech-info.fr\/wp-content\/uploads\/2023\/07\/WhatsApp-Image-2023-07-02-a-17.19.01-150x150.jpg 150w, https:\/\/hdtech-info.fr\/wp-content\/uploads\/2023\/07\/WhatsApp-Image-2023-07-02-a-17.19.01-768x768.jpg 768w, https:\/\/hdtech-info.fr\/wp-content\/uploads\/2023\/07\/WhatsApp-Image-2023-07-02-a-17.19.01-1536x1536.jpg 1536w, https:\/\/hdtech-info.fr\/wp-content\/uploads\/2023\/07\/WhatsApp-Image-2023-07-02-a-17.19.01.jpg 2048w\" sizes=\"auto, (max-width: 1024px) 100vw, 1024px\" \/><\/figure>\n\n\n\n<div style=\"height:24px\" aria-hidden=\"true\" class=\"wp-block-spacer\"><\/div>\n\n\n\n<h3 class=\"wp-block-heading has-text-align-center has-neve-text-color-color has-text-color\">PC Portable performant<\/h3>\n\n\n\n<p class=\"has-text-align-center has-neve-text-color-color has-text-color\">Ce portable permet de faire de la bureautique pour travailler et de se d\u00e9tendre en jouant ! <\/p>\n\n\n\n<p class=\"has-text-align-center has-neve-text-color-color has-text-color\">La carte graphique est suffisamment puissante pour faire tourner des jeux. <\/p>\n\n\n\n<p class=\"has-text-align-center has-neve-text-color-color has-text-color\">L&#8217;autonomie de la batterie vous permet de travailler de nombreuses heures. <\/p>\n\n\n\n<p><\/p>\n\n\n\n<div style=\"height:40px\" aria-hidden=\"true\" class=\"wp-block-spacer\"><\/div>\n<\/div>\n\n\n\n<div class=\"wp-block-column is-vertically-aligned-center is-layout-flow wp-block-column-is-layout-flow\" style=\"flex-basis:50%\">\n<figure class=\"wp-block-image size-large\"><img loading=\"lazy\" decoding=\"async\" width=\"1024\" height=\"1024\" src=\"https:\/\/hdtech-info.fr\/wp-content\/uploads\/2023\/07\/WhatsApp-Image-2023-07-02-a-17.16.23-1024x1024.jpg\" alt=\"\" class=\"wp-image-182\" srcset=\"https:\/\/hdtech-info.fr\/wp-content\/uploads\/2023\/07\/WhatsApp-Image-2023-07-02-a-17.16.23-1024x1024.jpg 1024w, https:\/\/hdtech-info.fr\/wp-content\/uploads\/2023\/07\/WhatsApp-Image-2023-07-02-a-17.16.23-300x300.jpg 300w, https:\/\/hdtech-info.fr\/wp-content\/uploads\/2023\/07\/WhatsApp-Image-2023-07-02-a-17.16.23-150x150.jpg 150w, https:\/\/hdtech-info.fr\/wp-content\/uploads\/2023\/07\/WhatsApp-Image-2023-07-02-a-17.16.23-768x768.jpg 768w, https:\/\/hdtech-info.fr\/wp-content\/uploads\/2023\/07\/WhatsApp-Image-2023-07-02-a-17.16.23.jpg 1512w\" sizes=\"auto, (max-width: 1024px) 100vw, 1024px\" \/><\/figure>\n\n\n\n<h3 class=\"wp-block-heading has-text-align-center has-neve-text-color-color has-text-color\">PC Home-Cin\u00e9ma<\/h3>\n\n\n\n<p class=\"has-text-align-center has-neve-text-color-color has-text-color\">Un petit boitier \u00e0 glisser sous son t\u00e9l\u00e9viseur pour diff\u00e9rentes utilisations !<\/p>\n\n\n\n<p class=\"has-text-align-center has-neve-text-color-color has-text-color\">Musique, DVD\/Blu-rays, applications (Netflix, Youtube, Deezer, Spotify&#8230; et bien d&#8217;autres !)<\/p>\n\n\n\n<p class=\"has-text-align-center has-neve-text-color-color has-text-color\">Ultra pratique pour avoir une t\u00e9l\u00e9vision &#8220;couteau-suisse&#8221; !!<\/p>\n\n\n\n<div style=\"height:40px\" aria-hidden=\"true\" class=\"wp-block-spacer\"><\/div>\n<\/div>\n<\/div>\n\n\n\n<div style=\"height:40px\" aria-hidden=\"true\" class=\"wp-block-spacer\"><\/div>\n<\/div><\/div>\n<\/div><\/div>\n\n\n\n<div class=\"wp-block-cover alignfull\" style=\"min-height:300px;aspect-ratio:unset;\"><span aria-hidden=\"true\" class=\"wp-block-cover__background has-nv-dark-bg-background-color has-background-dim-100 has-background-dim\"><\/span><div class=\"wp-block-cover__inner-container is-layout-flow wp-block-cover-is-layout-flow\">\n<div style=\"height:80px\" aria-hidden=\"true\" class=\"wp-block-spacer\"><\/div>\n\n\n<div class=\"wp-block-image is-style-rounded\">\n<figure class=\"aligncenter size-full is-resized\"><img loading=\"lazy\" decoding=\"async\" src=\"https:\/\/hdtech-info.fr\/wp-content\/uploads\/2023\/07\/unnamed.png\" alt=\"\" class=\"wp-image-186\" width=\"102\" height=\"102\"\/><\/figure>\n<\/div>\n\n\n<div style=\"height:24px\" aria-hidden=\"true\" class=\"wp-block-spacer\"><\/div>\n\n\n\n<p class=\"has-text-align-center has-nv-text-dark-bg-color has-text-color\">\u201cAchat d&#8217;un PC Home cin\u00e9ma. Tr\u00e8s satisfait du mat\u00e9riel. En particulier de la qualit\u00e9 de l&#8217;audio et de la finition du boitier.\u201d<\/p>\n\n\n\n<p class=\"has-text-align-center has-nv-text-dark-bg-color has-text-color\" style=\"font-size:17px\">L\u00e9o B.<\/p>\n\n\n\n<div style=\"height:80px\" aria-hidden=\"true\" class=\"wp-block-spacer\"><\/div>\n<\/div><\/div>\n","protected":false},"excerpt":{"rendered":"","protected":false},"author":1,"featured_media":0,"parent":0,"menu_order":0,"comment_status":"closed","ping_status":"closed","template":"","meta":{"neve_meta_sidebar":"","neve_meta_container":"","neve_meta_enable_content_width":"on","neve_meta_content_width":100,"neve_meta_title_alignment":"","neve_meta_author_avatar":"","neve_post_elements_order":"","neve_meta_disable_header":"","neve_meta_disable_footer":"","neve_meta_disable_title":"on","_ti_tpc_template_sync":false,"_ti_tpc_template_id":"","footnotes":""},"class_list":["post-9","page","type-page","status-publish","hentry"],"_links":{"self":[{"href":"https:\/\/hdtech-info.fr\/index.php\/wp-json\/wp\/v2\/pages\/9","targetHints":{"allow":["GET"]}}],"collection":[{"href":"https:\/\/hdtech-info.fr\/index.php\/wp-json\/wp\/v2\/pages"}],"about":[{"href":"https:\/\/hdtech-info.fr\/index.php\/wp-json\/wp\/v2\/types\/page"}],"author":[{"embeddable":true,"href":"https:\/\/hdtech-info.fr\/index.php\/wp-json\/wp\/v2\/users\/1"}],"replies":[{"embeddable":true,"href":"https:\/\/hdtech-info.fr\/index.php\/wp-json\/wp\/v2\/comments?post=9"}],"version-history":[{"count":12,"href":"https:\/\/hdtech-info.fr\/index.php\/wp-json\/wp\/v2\/pages\/9\/revisions"}],"predecessor-version":[{"id":226,"href":"https:\/\/hdtech-info.fr\/index.php\/wp-json\/wp\/v2\/pages\/9\/revisions\/226"}],"wp:attachment":[{"href":"https:\/\/hdtech-info.fr\/index.php\/wp-json\/wp\/v2\/media?parent=9"}],"curies":[{"name":"wp","href":"https:\/\/api.w.org\/{rel}","templated":true}]}}